{"id":19567,"date":"2022-03-15T15:33:13","date_gmt":"2022-03-15T19:33:13","guid":{"rendered":"https:\/\/ladydive.com\/?page_id=19567"},"modified":"2026-04-28T12:23:27","modified_gmt":"2026-04-28T16:23:27","slug":"tulip-festival-shuttle","status":"publish","type":"page","link":"https:\/\/ladydive.com\/fr\/tulip-festival-shuttle\/","title":{"rendered":"Navette du Festival des Tulipes"},"content":{"rendered":"<div data-elementor-type=\"wp-page\" data-elementor-id=\"19567\" class=\"elementor elementor-19567\" data-elementor-post-type=\"page\">\n\t\t\t\t\t\t<section class=\"elementor-section elementor-top-section elementor-element elementor-element-0f0c337 elementor-section-boxed elementor-section-height-default elementor-section-height-default\" data-id=\"0f0c337\" data-element_type=\"section\" data-e-type=\"section\">\n\t\t\t\t\t\t<div class=\"elementor-container elementor-column-gap-default\">\n\t\t\t\t\t<div class=\"elementor-column elementor-col-100 elementor-top-column elementor-element elementor-element-926766a\" data-id=\"926766a\" data-element_type=\"column\" data-e-type=\"column\">\n\t\t\t<div class=\"elementor-widget-wrap elementor-element-populated\">\n\t\t\t\t\t\t<div class=\"elementor-element elementor-element-ebe4e71 elementor-invisible elementor-widget elementor-widget-heading\" data-id=\"ebe4e71\" data-element_type=\"widget\" data-e-type=\"widget\" data-settings=\"{&quot;_animation&quot;:&quot;bounce&quot;}\" data-widget_type=\"heading.default\">\n\t\t\t\t<div class=\"elementor-widget-container\">\n\t\t\t\t\t<h2 class=\"elementor-heading-title elementor-size-default\">Le Festival des Tulipes - Montez et descendez \u00e0 votre guise<\/h2>\t\t\t\t<\/div>\n\t\t\t\t<\/div>\n\t\t\t\t\t<\/div>\n\t\t<\/div>\n\t\t\t\t\t<\/div>\n\t\t<\/section>\n\t\t\t\t<section class=\"elementor-section elementor-top-section elementor-element elementor-element-1f346b0 elementor-section-boxed elementor-section-height-default elementor-section-height-default\" data-id=\"1f346b0\" data-element_type=\"section\" data-e-type=\"section\">\n\t\t\t\t\t\t<div class=\"elementor-container elementor-column-gap-default\">\n\t\t\t\t\t<div class=\"elementor-column elementor-col-50 elementor-top-column elementor-element elementor-element-91db630\" data-id=\"91db630\" data-element_type=\"column\" data-e-type=\"column\">\n\t\t\t<div class=\"elementor-widget-wrap elementor-element-populated\">\n\t\t\t\t\t\t<div class=\"elementor-element elementor-element-5c64b5a elementor-widget elementor-widget-image\" data-id=\"5c64b5a\" data-element_type=\"widget\" data-e-type=\"widget\" data-widget_type=\"image.default\">\n\t\t\t\t<div class=\"elementor-widget-container\">\n\t\t\t\t\t\t\t\t\t\t\t\t\t\t\t<img fetchpriority=\"high\" decoding=\"async\" width=\"1024\" height=\"1024\" src=\"https:\/\/ladydive.com\/wp-content\/uploads\/2024\/03\/TulipShuttle-min-1024x1024.jpg\" class=\"attachment-large size-large wp-image-20309\" alt=\"\" srcset=\"https:\/\/ladydive.com\/wp-content\/uploads\/2024\/03\/TulipShuttle-min-1024x1024.jpg 1024w, https:\/\/ladydive.com\/wp-content\/uploads\/2024\/03\/TulipShuttle-min-300x300.jpg 300w, https:\/\/ladydive.com\/wp-content\/uploads\/2024\/03\/TulipShuttle-min-150x150.jpg 150w, https:\/\/ladydive.com\/wp-content\/uploads\/2024\/03\/TulipShuttle-min-768x768.jpg 768w, https:\/\/ladydive.com\/wp-content\/uploads\/2024\/03\/TulipShuttle-min-12x12.jpg 12w, https:\/\/ladydive.com\/wp-content\/uploads\/2024\/03\/TulipShuttle-min.jpg 1080w\" sizes=\"(max-width: 1024px) 100vw, 1024px\" \/>\t\t\t\t\t\t\t\t\t\t\t\t\t\t\t<\/div>\n\t\t\t\t<\/div>\n\t\t\t\t\t<\/div>\n\t\t<\/div>\n\t\t\t\t<div class=\"elementor-column elementor-col-50 elementor-top-column elementor-element elementor-element-af26acc\" data-id=\"af26acc\" data-element_type=\"column\" data-e-type=\"column\">\n\t\t\t<div class=\"elementor-widget-wrap elementor-element-populated\">\n\t\t\t\t\t\t<div class=\"elementor-element elementor-element-3745541 elementor-widget elementor-widget-heading\" data-id=\"3745541\" data-element_type=\"widget\" data-e-type=\"widget\" data-widget_type=\"heading.default\">\n\t\t\t\t<div class=\"elementor-widget-container\">\n\t\t\t\t\t<h2 class=\"elementor-heading-title elementor-size-default\">Nous arr\u00eatons au Festival des Tulipes !<\/h2>\t\t\t\t<\/div>\n\t\t\t\t<\/div>\n\t\t\t\t<div class=\"elementor-element elementor-element-3e93e99 elementor-widget elementor-widget-text-editor\" data-id=\"3e93e99\" data-element_type=\"widget\" data-e-type=\"widget\" data-widget_type=\"text-editor.default\">\n\t\t\t\t<div class=\"elementor-widget-container\">\n\t\t\t\t\t\t\t\t\t<p>Rejoignez-nous pour une aventure inoubliable au Festival Canadien des Tulipes, parfaitement int\u00e9gr\u00e9e \u00e0 notre itin\u00e9raire! Nos bus \u00e0 deux \u00e9tages \u00e0 toit ouvert s'arr\u00eatent au parc du Commissaire, le c\u0153ur du festival, vous permettant d'explorer les magnifiques tulipes \u00e0 votre rythme.<\/p><h4>Nous sommes le transport officiel du Festival annuel des tulipes \u00e0 Ottawa.<\/h4><div class=\"elementor-element elementor-element-4f46c6b elementor-widget elementor-widget-text-editor\" data-id=\"4f46c6b\" data-element_type=\"widget\" data-widget_type=\"text-editor.default\"><div class=\"elementor-widget-container\"><p>Si vous achetez un billet pour embarquer et d\u00e9sembarquer de nos autobus, vous pourrez profitez \u00e0 la fois du festival des tulipes et des autres sites embl\u00e9matiques d'Ottawa! Cette journ\u00e9e m\u00e9morable est riche en culture et en beaut\u00e9 naturelle.<\/p><p><strong>Du 8 mai 2026 au 18 mai 2026<\/strong><\/p><p><strong>Nos autobus seront soit \u00e0 deux \u00e9tages ou un trolley.<\/strong><\/p><\/div><\/div>\t\t\t\t\t\t\t\t<\/div>\n\t\t\t\t<\/div>\n\t\t\t\t\t<\/div>\n\t\t<\/div>\n\t\t\t\t\t<\/div>\n\t\t<\/section>\n\t\t\t\t<section class=\"elementor-section elementor-top-section elementor-element elementor-element-2926fa8 elementor-section-boxed elementor-section-height-default elementor-section-height-default\" data-id=\"2926fa8\" data-element_type=\"section\" data-e-type=\"section\">\n\t\t\t\t\t\t<div class=\"elementor-container elementor-column-gap-default\">\n\t\t\t\t\t<div class=\"elementor-column elementor-col-50 elementor-top-column elementor-element elementor-element-f703b31\" data-id=\"f703b31\" data-element_type=\"column\" data-e-type=\"column\">\n\t\t\t<div class=\"elementor-widget-wrap elementor-element-populated\">\n\t\t\t\t\t\t<div class=\"elementor-element elementor-element-0cd8d04 elementor-widget elementor-widget-spacer\" data-id=\"0cd8d04\" data-element_type=\"widget\" data-e-type=\"widget\" data-widget_type=\"spacer.default\">\n\t\t\t\t<div class=\"elementor-widget-container\">\n\t\t\t\t\t\t\t<div class=\"elementor-spacer\">\n\t\t\t<div class=\"elementor-spacer-inner\"><\/div>\n\t\t<\/div>\n\t\t\t\t\t\t<\/div>\n\t\t\t\t<\/div>\n\t\t\t\t<div class=\"elementor-element elementor-element-9b26ae8 elementor-widget elementor-widget-image\" data-id=\"9b26ae8\" data-element_type=\"widget\" data-e-type=\"widget\" data-widget_type=\"image.default\">\n\t\t\t\t<div class=\"elementor-widget-container\">\n\t\t\t\t\t\t\t\t\t\t\t\t\t\t\t<img decoding=\"async\" width=\"1024\" height=\"576\" src=\"https:\/\/ladydive.com\/wp-content\/uploads\/2023\/12\/Lady-Dive-Aug-2023-761-min-1024x576.jpg\" class=\"attachment-large size-large wp-image-20235\" alt=\"\" srcset=\"https:\/\/ladydive.com\/wp-content\/uploads\/2023\/12\/Lady-Dive-Aug-2023-761-min-1024x576.jpg 1024w, https:\/\/ladydive.com\/wp-content\/uploads\/2023\/12\/Lady-Dive-Aug-2023-761-min-300x169.jpg 300w, https:\/\/ladydive.com\/wp-content\/uploads\/2023\/12\/Lady-Dive-Aug-2023-761-min-768x432.jpg 768w, https:\/\/ladydive.com\/wp-content\/uploads\/2023\/12\/Lady-Dive-Aug-2023-761-min-1536x864.jpg 1536w, https:\/\/ladydive.com\/wp-content\/uploads\/2023\/12\/Lady-Dive-Aug-2023-761-min-18x10.jpg 18w, https:\/\/ladydive.com\/wp-content\/uploads\/2023\/12\/Lady-Dive-Aug-2023-761-min.jpg 1920w\" sizes=\"(max-width: 1024px) 100vw, 1024px\" \/>\t\t\t\t\t\t\t\t\t\t\t\t\t\t\t<\/div>\n\t\t\t\t<\/div>\n\t\t\t\t\t<\/div>\n\t\t<\/div>\n\t\t\t\t<div class=\"elementor-column elementor-col-50 elementor-top-column elementor-element elementor-element-48372c4\" data-id=\"48372c4\" data-element_type=\"column\" data-e-type=\"column\">\n\t\t\t<div class=\"elementor-widget-wrap elementor-element-populated\">\n\t\t\t\t\t\t<div class=\"elementor-element elementor-element-4bbb573 elementor-widget elementor-widget-text-editor\" data-id=\"4bbb573\" data-element_type=\"widget\" data-e-type=\"widget\" data-widget_type=\"text-editor.default\">\n\t\t\t\t<div class=\"elementor-widget-container\">\n\t\t\t\t\t\t\t\t\t<div style=\"font-family: Arial, Helvetica, sans-serif; font-size: small;\"><div style=\"font-family: Arial, Helvetica, sans-serif; font-size: small;\"><div class=\"elementor-element elementor-element-9e11ef8 elementor-widget elementor-widget-text-editor\" data-id=\"9e11ef8\" data-element_type=\"widget\" data-widget_type=\"text-editor.default\"><div class=\"elementor-widget-container\"><div><p><strong>Journ\u00e9e de la semaine<\/strong>:<\/p><p>Notre circuit \u00e0 arr\u00eats multiples vous emm\u00e8ne directement au festival ! Montez simplement \u00e0 bord de notre bus et nous vous emm\u00e8nerons admirer les magnifiques tulipes au Parc des Commissaires. R\u00e9servez votre billet d'un ou deux jours \u00e0 arr\u00eats multiples afin de visiter le Festival des Tulipes.<\/p><\/div><div><div><div><b>Fin de semaine<\/b><\/div><div>Nous vous emmenons au Festival des tulipes malgr\u00e9 les fermetures de routes ! Le week-end, notre service de bus \u00e0 arr\u00eats multiples ne s'arr\u00eate pas au Festival canadien des tulipes. Cependant, avec votre billet, vous avez acc\u00e8s \u00e0 notre navette priv\u00e9e gratuite ! Vous pouvez ainsi vous rendre facilement au festival avant de profiter des attractions de notre circuit \u00e0 arr\u00eats multiples, ou vice-versa. R\u00e9servez votre billet d'un ou deux jours afin d'avoir un tour de ville ainsi qu'acc\u00e8s \u00e0 la navette pour visiter le Festival des Tulipes.<\/div><\/div><\/div><\/div><\/div><div class=\"elementor-element elementor-element-a6b527c elementor-widget elementor-widget-text-editor\" data-id=\"a6b527c\" data-element_type=\"widget\" data-widget_type=\"text-editor.default\"><div class=\"elementor-widget-container\"><p>Horaire de la navette en fin de semaine:<\/p><p><strong>D\u00e9part du 44 Rue Sparks (le m\u00eame lieux que le d\u00e9part de nos tour r\u00e9guliers):<\/strong>\u00a010h30, 11h30, 12h30, 13h30, 14h30, 15h30, 16h30, 17h30<\/p><p><strong>Du festival des tulipes:<\/strong>\u00a011 h 00, 12 h 00, 13 h 00, 14 h 00, 15 h 00, 16 h 00, 17 h 00, 18 h 00<\/p><\/div><\/div><\/div><\/div>\t\t\t\t\t\t\t\t<\/div>\n\t\t\t\t<\/div>\n\t\t\t\t\t<\/div>\n\t\t<\/div>\n\t\t\t\t\t<\/div>\n\t\t<\/section>\n\t\t\t\t<section class=\"elementor-section elementor-top-section elementor-element elementor-element-cc373de elementor-section-boxed elementor-section-height-default elementor-section-height-default\" data-id=\"cc373de\" data-element_type=\"section\" data-e-type=\"section\">\n\t\t\t\t\t\t<div class=\"elementor-container elementor-column-gap-default\">\n\t\t\t\t\t<div class=\"elementor-column elementor-col-50 elementor-top-column elementor-element elementor-element-ed409db\" data-id=\"ed409db\" data-element_type=\"column\" data-e-type=\"column\">\n\t\t\t<div class=\"elementor-widget-wrap elementor-element-populated\">\n\t\t\t\t\t\t<div class=\"elementor-element elementor-element-86c4a9d elementor-widget elementor-widget-image\" data-id=\"86c4a9d\" data-element_type=\"widget\" data-e-type=\"widget\" data-widget_type=\"image.default\">\n\t\t\t\t<div class=\"elementor-widget-container\">\n\t\t\t\t\t\t\t\t\t\t\t\t\t\t\t<img decoding=\"async\" width=\"720\" height=\"480\" src=\"https:\/\/ladydive.com\/wp-content\/uploads\/2022\/01\/LD-@Myriam-Baril-Tessier-Amphibus-Lady-Dive-8-1.jpg\" class=\"attachment-large size-large wp-image-19147\" alt=\"Gray Line Ottawa Tours\" srcset=\"https:\/\/ladydive.com\/wp-content\/uploads\/2022\/01\/LD-@Myriam-Baril-Tessier-Amphibus-Lady-Dive-8-1.jpg 720w, https:\/\/ladydive.com\/wp-content\/uploads\/2022\/01\/LD-@Myriam-Baril-Tessier-Amphibus-Lady-Dive-8-1-300x200.jpg 300w, https:\/\/ladydive.com\/wp-content\/uploads\/2022\/01\/LD-@Myriam-Baril-Tessier-Amphibus-Lady-Dive-8-1-18x12.jpg 18w\" sizes=\"(max-width: 720px) 100vw, 720px\" \/>\t\t\t\t\t\t\t\t\t\t\t\t\t\t\t<\/div>\n\t\t\t\t<\/div>\n\t\t\t\t\t<\/div>\n\t\t<\/div>\n\t\t\t\t<div class=\"elementor-column elementor-col-50 elementor-top-column elementor-element elementor-element-3a1a183\" data-id=\"3a1a183\" data-element_type=\"column\" data-e-type=\"column\">\n\t\t\t<div class=\"elementor-widget-wrap elementor-element-populated\">\n\t\t\t\t\t\t<div class=\"elementor-element elementor-element-77d6248 elementor-widget elementor-widget-image\" data-id=\"77d6248\" data-element_type=\"widget\" data-e-type=\"widget\" data-widget_type=\"image.default\">\n\t\t\t\t<div class=\"elementor-widget-container\">\n\t\t\t\t\t\t\t\t\t\t\t\t\t\t\t<img decoding=\"async\" src=\"https:\/\/ladydive.com\/wp-content\/uploads\/elementor\/thumbs\/Photo-Credit-Leona-Campbell-Tulip-Festival-052222-1017-min-qlg3lwueykzr7mzyq7lgr9mj2hfbyvw8lyvc9e3cm8.jpg\" title=\"Cr\u00e9dit photo -Leona Campbell - Festival des tulipes 052222-1017-min\" alt=\"Photo Credit -Leona Campbell - Tulip Festival 052222-1017-min\" loading=\"lazy\" \/>\t\t\t\t\t\t\t\t\t\t\t\t\t\t\t<\/div>\n\t\t\t\t<\/div>\n\t\t\t\t\t<\/div>\n\t\t<\/div>\n\t\t\t\t\t<\/div>\n\t\t<\/section>\n\t\t\t\t<section class=\"elementor-section elementor-top-section elementor-element elementor-element-4271cc9 elementor-section-boxed elementor-section-height-default elementor-section-height-default\" data-id=\"4271cc9\" data-element_type=\"section\" data-e-type=\"section\">\n\t\t\t\t\t\t<div class=\"elementor-container elementor-column-gap-default\">\n\t\t\t\t\t<div class=\"elementor-column elementor-col-100 elementor-top-column elementor-element elementor-element-732e905\" data-id=\"732e905\" data-element_type=\"column\" data-e-type=\"column\">\n\t\t\t<div class=\"elementor-widget-wrap\">\n\t\t\t\t\t\t\t<\/div>\n\t\t<\/div>\n\t\t\t\t\t<\/div>\n\t\t<\/section>\n\t\t\t\t<\/div>","protected":false},"excerpt":{"rendered":"<p>The Tulip Festival &#8211; Hop on Hop Off We stop at the Tulip Festival! Join us for a delightful hop-on hop-off adventure to the Canadian Tulip Festival, seamlessly integrated into our regular sightseeing route! Our open top double decker buses stop at Commissioner\u2019s Park, the heart of the festival, allowing you to explore the breathtaking [&hellip;]<\/p>\n","protected":false},"author":7,"featured_media":0,"parent":0,"menu_order":0,"comment_status":"closed","ping_status":"closed","template":"","meta":{"_monsterinsights_skip_tracking":false,"_monsterinsights_sitenote_active":false,"_monsterinsights_sitenote_note":"","_monsterinsights_sitenote_category":0,"site-sidebar-layout":"no-sidebar","site-content-layout":"page-builder","ast-site-content-layout":"default","site-content-style":"default","site-sidebar-style":"default","ast-global-header-display":"","ast-banner-title-visibility":"","ast-main-header-display":"","ast-hfb-above-header-display":"","ast-hfb-below-header-display":"","ast-hfb-mobile-header-display":"","site-post-title":"disabled","ast-breadcrumbs-content":"","ast-featured-img":"disabled","footer-sml-layout":"","ast-disable-related-posts":"","theme-transparent-header-meta":"","adv-header-id-meta":"","stick-header-meta":"","header-above-stick-meta":"","header-main-stick-meta":"","header-below-stick-meta":"","astra-migrate-meta-layouts":"default","ast-page-background-enabled":"default","ast-page-background-meta":{"desktop":{"background-color":"","background-image":"","background-repeat":"repeat","background-position":"center center","background-size":"auto","background-attachment":"scroll","background-type":"","background-media":"","overlay-type":"","overlay-color":"","overlay-opacity":"","overlay-gradient":""},"tablet":{"background-color":"","background-image":"","background-repeat":"repeat","background-position":"center center","background-size":"auto","background-attachment":"scroll","background-type":"","background-media":"","overlay-type":"","overlay-color":"","overlay-opacity":"","overlay-gradient":""},"mobile":{"background-color":"","background-image":"","background-repeat":"repeat","background-position":"center center","background-size":"auto","background-attachment":"scroll","background-type":"","background-media":"","overlay-type":"","overlay-color":"","overlay-opacity":"","overlay-gradient":""}},"ast-content-background-meta":{"desktop":{"background-color":"var(--ast-global-color-5)","background-image":"","background-repeat":"repeat","background-position":"center center","background-size":"auto","background-attachment":"scroll","background-type":"","background-media":"","overlay-type":"","overlay-color":"","overlay-opacity":"","overlay-gradient":""},"tablet":{"background-color":"var(--ast-global-color-5)","background-image":"","background-repeat":"repeat","background-position":"center center","background-size":"auto","background-attachment":"scroll","background-type":"","background-media":"","overlay-type":"","overlay-color":"","overlay-opacity":"","overlay-gradient":""},"mobile":{"background-color":"var(--ast-global-color-5)","background-image":"","background-repeat":"repeat","background-position":"center center","background-size":"auto","background-attachment":"scroll","background-type":"","background-media":"","overlay-type":"","overlay-color":"","overlay-opacity":"","overlay-gradient":""}},"footnotes":""},"class_list":["post-19567","page","type-page","status-publish","hentry"],"yoast_head":"<!-- This site is optimized with the Yoast SEO plugin v27.4 - https:\/\/yoast.com\/product\/yoast-seo-wordpress\/ -->\n<title>Tulip Festival Shuttle - Lady Dive - Official Tulip Festival Transportation<\/title>\n<meta name=\"description\" content=\"Need a ride to the Tulip Festival? Skip the traffic with the official Tulip Festival Shuttle from Lady Dive. We take you right to it.\" \/>\n<meta name=\"robots\" content=\"index, follow, max-snippet:-1, max-image-preview:large, max-video-preview:-1\" \/>\n<link rel=\"canonical\" href=\"https:\/\/ladydive.com\/fr\/tulip-festival-shuttle\/\" \/>\n<meta property=\"og:locale\" content=\"fr_CA\" \/>\n<meta property=\"og:type\" content=\"article\" \/>\n<meta property=\"og:title\" content=\"Tulip Festival Shuttle - Lady Dive - Official Tulip Festival Transportation\" \/>\n<meta property=\"og:description\" content=\"Need a ride to the Tulip Festival? Skip the traffic with the official Tulip Festival Shuttle from Lady Dive. We take you right to it.\" \/>\n<meta property=\"og:url\" content=\"https:\/\/ladydive.com\/fr\/tulip-festival-shuttle\/\" \/>\n<meta property=\"og:site_name\" content=\"Lady Dive\" \/>\n<meta property=\"article:publisher\" content=\"https:\/\/www.facebook.com\/ladydiveamphibus\" \/>\n<meta property=\"article:modified_time\" content=\"2026-04-28T16:23:27+00:00\" \/>\n<meta property=\"og:image\" content=\"https:\/\/ladydive.com\/wp-content\/uploads\/2024\/03\/TulipShuttle-min.jpg\" \/>\n\t<meta property=\"og:image:width\" content=\"1080\" \/>\n\t<meta property=\"og:image:height\" content=\"1080\" \/>\n\t<meta property=\"og:image:type\" content=\"image\/jpeg\" \/>\n<meta name=\"twitter:card\" content=\"summary_large_image\" \/>\n<meta name=\"twitter:label1\" content=\"Estimation du temps de lecture\" \/>\n\t<meta name=\"twitter:data1\" content=\"3 minutes\" \/>\n<script type=\"application\/ld+json\" class=\"yoast-schema-graph\">{\"@context\":\"https:\\\/\\\/schema.org\",\"@graph\":[{\"@type\":\"WebPage\",\"@id\":\"https:\\\/\\\/ladydive.com\\\/tulip-festival-shuttle\\\/\",\"url\":\"https:\\\/\\\/ladydive.com\\\/tulip-festival-shuttle\\\/\",\"name\":\"Tulip Festival Shuttle - Lady Dive - Official Tulip Festival Transportation\",\"isPartOf\":{\"@id\":\"https:\\\/\\\/ladydive.com\\\/#website\"},\"primaryImageOfPage\":{\"@id\":\"https:\\\/\\\/ladydive.com\\\/tulip-festival-shuttle\\\/#primaryimage\"},\"image\":{\"@id\":\"https:\\\/\\\/ladydive.com\\\/tulip-festival-shuttle\\\/#primaryimage\"},\"thumbnailUrl\":\"https:\\\/\\\/ladydive.com\\\/wp-content\\\/uploads\\\/2024\\\/03\\\/TulipShuttle-min-1024x1024.jpg\",\"datePublished\":\"2022-03-15T19:33:13+00:00\",\"dateModified\":\"2026-04-28T16:23:27+00:00\",\"description\":\"Need a ride to the Tulip Festival? Skip the traffic with the official Tulip Festival Shuttle from Lady Dive. We take you right to it.\",\"breadcrumb\":{\"@id\":\"https:\\\/\\\/ladydive.com\\\/tulip-festival-shuttle\\\/#breadcrumb\"},\"inLanguage\":\"fr-CA\",\"potentialAction\":[{\"@type\":\"ReadAction\",\"target\":[\"https:\\\/\\\/ladydive.com\\\/tulip-festival-shuttle\\\/\"]}]},{\"@type\":\"ImageObject\",\"inLanguage\":\"fr-CA\",\"@id\":\"https:\\\/\\\/ladydive.com\\\/tulip-festival-shuttle\\\/#primaryimage\",\"url\":\"https:\\\/\\\/ladydive.com\\\/wp-content\\\/uploads\\\/2024\\\/03\\\/TulipShuttle-min-1024x1024.jpg\",\"contentUrl\":\"https:\\\/\\\/ladydive.com\\\/wp-content\\\/uploads\\\/2024\\\/03\\\/TulipShuttle-min-1024x1024.jpg\"},{\"@type\":\"BreadcrumbList\",\"@id\":\"https:\\\/\\\/ladydive.com\\\/tulip-festival-shuttle\\\/#breadcrumb\",\"itemListElement\":[{\"@type\":\"ListItem\",\"position\":1,\"name\":\"Home\",\"item\":\"https:\\\/\\\/ladydive.com\\\/\"},{\"@type\":\"ListItem\",\"position\":2,\"name\":\"Tulip Festival Shuttle\"}]},{\"@type\":\"WebSite\",\"@id\":\"https:\\\/\\\/ladydive.com\\\/#website\",\"url\":\"https:\\\/\\\/ladydive.com\\\/\",\"name\":\"Lady Dive\",\"description\":\"\",\"publisher\":{\"@id\":\"https:\\\/\\\/ladydive.com\\\/#organization\"},\"potentialAction\":[{\"@type\":\"SearchAction\",\"target\":{\"@type\":\"EntryPoint\",\"urlTemplate\":\"https:\\\/\\\/ladydive.com\\\/?s={search_term_string}\"},\"query-input\":{\"@type\":\"PropertyValueSpecification\",\"valueRequired\":true,\"valueName\":\"search_term_string\"}}],\"inLanguage\":\"fr-CA\"},{\"@type\":\"Organization\",\"@id\":\"https:\\\/\\\/ladydive.com\\\/#organization\",\"name\":\"Lady Dive Tours\",\"url\":\"https:\\\/\\\/ladydive.com\\\/\",\"logo\":{\"@type\":\"ImageObject\",\"inLanguage\":\"fr-CA\",\"@id\":\"https:\\\/\\\/ladydive.com\\\/#\\\/schema\\\/logo\\\/image\\\/\",\"url\":\"https:\\\/\\\/ladydive.com\\\/wp-content\\\/uploads\\\/2018\\\/03\\\/tile_icon.png\",\"contentUrl\":\"https:\\\/\\\/ladydive.com\\\/wp-content\\\/uploads\\\/2018\\\/03\\\/tile_icon.png\",\"width\":144,\"height\":144,\"caption\":\"Lady Dive Tours\"},\"image\":{\"@id\":\"https:\\\/\\\/ladydive.com\\\/#\\\/schema\\\/logo\\\/image\\\/\"},\"sameAs\":[\"https:\\\/\\\/www.facebook.com\\\/ladydiveamphibus\",\"https:\\\/\\\/www.instagram.com\\\/ladydivetoursottawa\\\/\"]}]}<\/script>\n<!-- \/ Yoast SEO plugin. -->","yoast_head_json":{"title":"Tulip Festival Shuttle - Lady Dive - Official Tulip Festival Transportation","description":"Need a ride to the Tulip Festival? Skip the traffic with the official Tulip Festival Shuttle from Lady Dive. We take you right to it.","robots":{"index":"index","follow":"follow","max-snippet":"max-snippet:-1","max-image-preview":"max-image-preview:large","max-video-preview":"max-video-preview:-1"},"canonical":"https:\/\/ladydive.com\/fr\/tulip-festival-shuttle\/","og_locale":"fr_CA","og_type":"article","og_title":"Tulip Festival Shuttle - Lady Dive - Official Tulip Festival Transportation","og_description":"Need a ride to the Tulip Festival? Skip the traffic with the official Tulip Festival Shuttle from Lady Dive. We take you right to it.","og_url":"https:\/\/ladydive.com\/fr\/tulip-festival-shuttle\/","og_site_name":"Lady Dive","article_publisher":"https:\/\/www.facebook.com\/ladydiveamphibus","article_modified_time":"2026-04-28T16:23:27+00:00","og_image":[{"width":1080,"height":1080,"url":"https:\/\/ladydive.com\/wp-content\/uploads\/2024\/03\/TulipShuttle-min.jpg","type":"image\/jpeg"}],"twitter_card":"summary_large_image","twitter_misc":{"Estimation du temps de lecture":"3 minutes"},"schema":{"@context":"https:\/\/schema.org","@graph":[{"@type":"WebPage","@id":"https:\/\/ladydive.com\/tulip-festival-shuttle\/","url":"https:\/\/ladydive.com\/tulip-festival-shuttle\/","name":"Tulip Festival Shuttle - Lady Dive - Official Tulip Festival Transportation","isPartOf":{"@id":"https:\/\/ladydive.com\/#website"},"primaryImageOfPage":{"@id":"https:\/\/ladydive.com\/tulip-festival-shuttle\/#primaryimage"},"image":{"@id":"https:\/\/ladydive.com\/tulip-festival-shuttle\/#primaryimage"},"thumbnailUrl":"https:\/\/ladydive.com\/wp-content\/uploads\/2024\/03\/TulipShuttle-min-1024x1024.jpg","datePublished":"2022-03-15T19:33:13+00:00","dateModified":"2026-04-28T16:23:27+00:00","description":"Need a ride to the Tulip Festival? Skip the traffic with the official Tulip Festival Shuttle from Lady Dive. We take you right to it.","breadcrumb":{"@id":"https:\/\/ladydive.com\/tulip-festival-shuttle\/#breadcrumb"},"inLanguage":"fr-CA","potentialAction":[{"@type":"ReadAction","target":["https:\/\/ladydive.com\/tulip-festival-shuttle\/"]}]},{"@type":"ImageObject","inLanguage":"fr-CA","@id":"https:\/\/ladydive.com\/tulip-festival-shuttle\/#primaryimage","url":"https:\/\/ladydive.com\/wp-content\/uploads\/2024\/03\/TulipShuttle-min-1024x1024.jpg","contentUrl":"https:\/\/ladydive.com\/wp-content\/uploads\/2024\/03\/TulipShuttle-min-1024x1024.jpg"},{"@type":"BreadcrumbList","@id":"https:\/\/ladydive.com\/tulip-festival-shuttle\/#breadcrumb","itemListElement":[{"@type":"ListItem","position":1,"name":"Home","item":"https:\/\/ladydive.com\/"},{"@type":"ListItem","position":2,"name":"Tulip Festival Shuttle"}]},{"@type":"WebSite","@id":"https:\/\/ladydive.com\/#website","url":"https:\/\/ladydive.com\/","name":"Dame Plongeuse","description":"","publisher":{"@id":"https:\/\/ladydive.com\/#organization"},"potentialAction":[{"@type":"SearchAction","target":{"@type":"EntryPoint","urlTemplate":"https:\/\/ladydive.com\/?s={search_term_string}"},"query-input":{"@type":"PropertyValueSpecification","valueRequired":true,"valueName":"search_term_string"}}],"inLanguage":"fr-CA"},{"@type":"Organization","@id":"https:\/\/ladydive.com\/#organization","name":"Lady Dive Tours","url":"https:\/\/ladydive.com\/","logo":{"@type":"ImageObject","inLanguage":"fr-CA","@id":"https:\/\/ladydive.com\/#\/schema\/logo\/image\/","url":"https:\/\/ladydive.com\/wp-content\/uploads\/2018\/03\/tile_icon.png","contentUrl":"https:\/\/ladydive.com\/wp-content\/uploads\/2018\/03\/tile_icon.png","width":144,"height":144,"caption":"Lady Dive Tours"},"image":{"@id":"https:\/\/ladydive.com\/#\/schema\/logo\/image\/"},"sameAs":["https:\/\/www.facebook.com\/ladydiveamphibus","https:\/\/www.instagram.com\/ladydivetoursottawa\/"]}]}},"_links":{"self":[{"href":"https:\/\/ladydive.com\/fr\/wp-json\/wp\/v2\/pages\/19567","targetHints":{"allow":["GET"]}}],"collection":[{"href":"https:\/\/ladydive.com\/fr\/wp-json\/wp\/v2\/pages"}],"about":[{"href":"https:\/\/ladydive.com\/fr\/wp-json\/wp\/v2\/types\/page"}],"author":[{"embeddable":true,"href":"https:\/\/ladydive.com\/fr\/wp-json\/wp\/v2\/users\/7"}],"replies":[{"embeddable":true,"href":"https:\/\/ladydive.com\/fr\/wp-json\/wp\/v2\/comments?post=19567"}],"version-history":[{"count":16,"href":"https:\/\/ladydive.com\/fr\/wp-json\/wp\/v2\/pages\/19567\/revisions"}],"predecessor-version":[{"id":21184,"href":"https:\/\/ladydive.com\/fr\/wp-json\/wp\/v2\/pages\/19567\/revisions\/21184"}],"wp:attachment":[{"href":"https:\/\/ladydive.com\/fr\/wp-json\/wp\/v2\/media?parent=19567"}],"curies":[{"name":"wp","href":"https:\/\/api.w.org\/{rel}","templated":true}]}}